{"id":59,"date":"2019-08-18T15:25:35","date_gmt":"2019-08-18T15:25:35","guid":{"rendered":"http:\/\/iveko-team.com\/?page_id=59"},"modified":"2019-11-08T10:22:12","modified_gmt":"2019-11-08T10:22:12","slug":"impressum","status":"publish","type":"page","link":"http:\/\/iveko-team.com\/?page_id=59","title":{"rendered":"Impressum"},"content":{"rendered":"\t\t<div data-elementor-type=\"wp-post\" data-elementor-id=\"59\" class=\"elementor elementor-59\">\n\t\t\t\t\t\t<section class=\"elementor-section elementor-top-section elementor-element elementor-element-a280762 elementor-section-full_width elementor-section-content-top elementor-section-height-default elementor-section-height-default\" data-id=\"a280762\" data-element_type=\"section\" data-e-type=\"section\">\n\t\t\t\t\t\t<div class=\"elementor-container elementor-column-gap-default\">\n\t\t\t\t\t<div class=\"elementor-column elementor-col-100 elementor-top-column elementor-element elementor-element-d0c8a11\" data-id=\"d0c8a11\" data-element_type=\"column\" data-e-type=\"column\">\n\t\t\t<div class=\"elementor-widget-wrap elementor-element-populated\">\n\t\t\t\t\t\t\t<\/div>\n\t\t<\/div>\n\t\t\t\t\t<\/div>\n\t\t<\/section>\n\t\t\t\t<section class=\"elementor-section elementor-top-section elementor-element elementor-element-a5e4ee9 elementor-section-boxed elementor-section-height-default elementor-section-height-default\" data-id=\"a5e4ee9\" data-element_type=\"section\" data-e-type=\"section\">\n\t\t\t\t\t\t<div class=\"elementor-container elementor-column-gap-default\">\n\t\t\t\t\t<div class=\"elementor-column elementor-col-100 elementor-top-column elementor-element elementor-element-ad31ad6\" data-id=\"ad31ad6\" data-element_type=\"column\" data-e-type=\"column\">\n\t\t\t<div class=\"elementor-widget-wrap elementor-element-populated\">\n\t\t\t\t\t\t<div class=\"elementor-element elementor-element-e79ebbd elementor-widget elementor-widget-heading\" data-id=\"e79ebbd\" data-element_type=\"widget\" data-e-type=\"widget\" data-widget_type=\"heading.default\">\n\t\t\t\t<div class=\"elementor-widget-container\">\n\t\t\t\t\t<h2 class=\"elementor-heading-title elementor-size-default\">Impressum<\/h2>\t\t\t\t<\/div>\n\t\t\t\t<\/div>\n\t\t\t\t\t<\/div>\n\t\t<\/div>\n\t\t\t\t\t<\/div>\n\t\t<\/section>\n\t\t\t\t<section class=\"elementor-section elementor-top-section elementor-element elementor-element-160f53f elementor-section-boxed elementor-section-height-default elementor-section-height-default\" data-id=\"160f53f\" data-element_type=\"section\" data-e-type=\"section\">\n\t\t\t\t\t\t<div class=\"elementor-container elementor-column-gap-default\">\n\t\t\t\t\t<div class=\"elementor-column elementor-col-100 elementor-top-column elementor-element elementor-element-882ca1e\" data-id=\"882ca1e\" data-element_type=\"column\" data-e-type=\"column\">\n\t\t\t<div class=\"elementor-widget-wrap elementor-element-populated\">\n\t\t\t\t\t\t<div class=\"elementor-element elementor-element-d95475f elementor-widget elementor-widget-text-editor\" data-id=\"d95475f\" data-element_type=\"widget\" data-e-type=\"widget\" data-widget_type=\"text-editor.default\">\n\t\t\t\t<div class=\"elementor-widget-container\">\n\t\t\t\t\t\t\t\t\t<div data-numcolumns=\"\" data-areaname=\"Standard\"><div data-articleid=\"1431\"><p><strong>IVEKO Team GmbH<\/strong><\/p><p>Immobilien Verwaltung &amp; Vermittlungsteam Konstanz<br \/>August-Borsig-Str. 2a, 78467 Konstanz<\/p><p>USt.-IdNr.: DE306670043<\/p><p><span style=\"font-weight: bold;\">Telefon:\u00a0<\/span><a href=\"tel:+4975319450260\">+49 7531 \/ 94 50 260<\/a><br \/><span style=\"letter-spacing: 0px;\"><span style=\"font-weight: bold;\">Fax:\u00a0<\/span><\/span><a style=\"background-color: #ffffff; letter-spacing: 0px;\" href=\"tel:+4975319450266\">+49 7531 \/ 94 50 266<\/a><br \/><span style=\"letter-spacing: 0px;\"><b>E-Mail:<\/b> <\/span><a style=\"background-color: #ffffff; letter-spacing: 0px;\" href=\"mailto:info@iveko-team.de\">info@iveko-team.de<\/a><br \/><span style=\"letter-spacing: 0px;\"><b>Internet:<\/b> <\/span><a style=\"background-color: #ffffff; letter-spacing: 0px;\" href=\"http:\/\/www.iveko-team.de\/\">www.iveko-team.de<\/a><\/p><p>\u00a0<\/p><p><strong>\u00a0<br \/><\/strong><strong style=\"letter-spacing: 0px;\">Gesch\u00e4ftsf\u00fchrer<\/strong><\/p><p>Rainer Geier<br \/>Handelsregister B des Amtsgerichts Freiburg i.Br. HRB 714526<\/p><p>Inhaltlich Verantwortlicher gem\u00e4\u00df \u00a7 55 Abs. 2 RStV: Rainer Geier<\/p><p>\u00a0<\/p><p>Zust\u00e4ndige Aufsichtsbeh\u00f6rde: IHK Hochrhein-Bodensee, Reichenaustr. 21, 78467 Konstanz<\/p><p style=\"font-weight: 400;\">Erlaubnis i.S. einer gewerblichen T\u00e4tigkeit nach \u00a7 34c der Gewerbeordnung (GewO) <br \/>wurde erteilt durch das Landratsamt Konstanz, Benediktinerplatz 1, 78467 Konstanz<\/p><\/div><\/div>\t\t\t\t\t\t\t\t<\/div>\n\t\t\t\t<\/div>\n\t\t\t\t\t<\/div>\n\t\t<\/div>\n\t\t\t\t\t<\/div>\n\t\t<\/section>\n\t\t\t\t<section class=\"elementor-section elementor-top-section elementor-element elementor-element-8f4fec8 elementor-section-boxed elementor-section-height-default elementor-section-height-default\" data-id=\"8f4fec8\" data-element_type=\"section\" data-e-type=\"section\">\n\t\t\t\t\t\t<div class=\"elementor-container elementor-column-gap-default\">\n\t\t\t\t\t<div class=\"elementor-column elementor-col-100 elementor-top-column elementor-element elementor-element-ea54545\" data-id=\"ea54545\" data-element_type=\"column\" data-e-type=\"column\">\n\t\t\t<div class=\"elementor-widget-wrap elementor-element-populated\">\n\t\t\t\t\t\t<div class=\"elementor-element elementor-element-83addbc elementor-widget elementor-widget-heading\" data-id=\"83addbc\" data-element_type=\"widget\" data-e-type=\"widget\" data-widget_type=\"heading.default\">\n\t\t\t\t<div class=\"elementor-widget-container\">\n\t\t\t\t\t<h2 class=\"elementor-heading-title elementor-size-default\">Haftungshinweis<\/h2>\t\t\t\t<\/div>\n\t\t\t\t<\/div>\n\t\t\t\t<div class=\"elementor-element elementor-element-fc36bda elementor-widget elementor-widget-text-editor\" data-id=\"fc36bda\" data-element_type=\"widget\" data-e-type=\"widget\" data-widget_type=\"text-editor.default\">\n\t\t\t\t<div class=\"elementor-widget-container\">\n\t\t\t\t\t\t\t\t\t<div id=\"secondwrapper\"><div id=\"thirdwrapper\"><div id=\"content-news\"><div class=\"zparea zpgrid\" data-numcolumns=\"\" data-areaname=\"Standard\"><div class=\"zpContainer hasNews \"><div class=\"zpRow standard \"><div class=\"zpRowInner\"><div class=\"zpColumn odd zpColumnWidth1 c12\"><div class=\"zpColumnItem\"><div id=\"a1431\" class=\"articlearea zpwText\" data-articleid=\"1431\"><p>Trotz sorgf\u00e4ltiger inhaltlicher Kontrolle \u00fcbernehmen wir keine Haftung f\u00fcr die Inhalte externer Links.<br \/>F\u00fcr den Inhalt der verlinkten Seiten sind ausschlie\u00dflich deren Betreiber verantwortlich.<\/p><\/div><\/div><\/div><\/div><\/div><\/div><\/div><\/div><\/div><\/div>\t\t\t\t\t\t\t\t<\/div>\n\t\t\t\t<\/div>\n\t\t\t\t\t<\/div>\n\t\t<\/div>\n\t\t\t\t\t<\/div>\n\t\t<\/section>\n\t\t\t\t<\/div>\n\t\t","protected":false},"excerpt":{"rendered":"<p>Impressum IVEKO Team GmbH Immobilien Verwaltung &amp; Vermittlungsteam KonstanzAugust-Borsig-Str. 2a, 78467 Konstanz USt.-IdNr.: DE306670043 Telefon:\u00a0+49 7531 \/ 94 50 260Fax:\u00a0+49 7531 \/ 94 50 266E-Mail: info@iveko-team.deInternet: www.iveko-team.de \u00a0 \u00a0Gesch\u00e4ftsf\u00fchrer Rainer GeierHandelsregister B des Amtsgerichts Freiburg i.Br. HRB 714526 Inhaltlich Verantwortlicher gem\u00e4\u00df \u00a7 55 Abs. 2 RStV: Rainer Geier \u00a0 Zust\u00e4ndige Aufsichtsbeh\u00f6rde: IHK Hochrhein-Bodensee, Reichenaustr. 21, [&hellip;]<\/p>\n","protected":false},"author":1,"featured_media":0,"parent":57,"menu_order":0,"comment_status":"closed","ping_status":"closed","template":"","meta":{"footnotes":""},"class_list":["post-59","page","type-page","status-publish","hentry"],"_links":{"self":[{"href":"http:\/\/iveko-team.com\/index.php?rest_route=\/wp\/v2\/pages\/59","targetHints":{"allow":["GET"]}}],"collection":[{"href":"http:\/\/iveko-team.com\/index.php?rest_route=\/wp\/v2\/pages"}],"about":[{"href":"http:\/\/iveko-team.com\/index.php?rest_route=\/wp\/v2\/types\/page"}],"author":[{"embeddable":true,"href":"http:\/\/iveko-team.com\/index.php?rest_route=\/wp\/v2\/users\/1"}],"replies":[{"embeddable":true,"href":"http:\/\/iveko-team.com\/index.php?rest_route=%2Fwp%2Fv2%2Fcomments&post=59"}],"version-history":[{"count":10,"href":"http:\/\/iveko-team.com\/index.php?rest_route=\/wp\/v2\/pages\/59\/revisions"}],"predecessor-version":[{"id":303,"href":"http:\/\/iveko-team.com\/index.php?rest_route=\/wp\/v2\/pages\/59\/revisions\/303"}],"up":[{"embeddable":true,"href":"http:\/\/iveko-team.com\/index.php?rest_route=\/wp\/v2\/pages\/57"}],"wp:attachment":[{"href":"http:\/\/iveko-team.com\/index.php?rest_route=%2Fwp%2Fv2%2Fmedia&parent=59"}],"curies":[{"name":"wp","href":"https:\/\/api.w.org\/{rel}","templated":true}]}}