{"id":57,"date":"2019-08-18T15:25:13","date_gmt":"2019-08-18T15:25:13","guid":{"rendered":"http:\/\/iveko-team.com\/?page_id=57"},"modified":"2019-09-13T12:51:40","modified_gmt":"2019-09-13T12:51:40","slug":"kontakt","status":"publish","type":"page","link":"http:\/\/iveko-team.com\/?page_id=57","title":{"rendered":"Kontakt"},"content":{"rendered":"\t\t<div data-elementor-type=\"wp-page\" data-elementor-id=\"57\" class=\"elementor elementor-57\">\n\t\t\t\t\t\t<section class=\"elementor-section elementor-top-section elementor-element elementor-element-97afdb5 elementor-section-full_width elementor-section-content-top elementor-section-height-default elementor-section-height-default\" data-id=\"97afdb5\" data-element_type=\"section\" data-e-type=\"section\">\n\t\t\t\t\t\t<div class=\"elementor-container elementor-column-gap-default\">\n\t\t\t\t\t<div class=\"elementor-column elementor-col-100 elementor-top-column elementor-element elementor-element-df310f8\" data-id=\"df310f8\" data-element_type=\"column\" data-e-type=\"column\">\n\t\t\t<div class=\"elementor-widget-wrap elementor-element-populated\">\n\t\t\t\t\t\t\t<\/div>\n\t\t<\/div>\n\t\t\t\t\t<\/div>\n\t\t<\/section>\n\t\t\t\t<section class=\"elementor-section elementor-top-section elementor-element elementor-element-8827341 elementor-section-boxed elementor-section-height-default elementor-section-height-default\" data-id=\"8827341\" data-element_type=\"section\" data-e-type=\"section\">\n\t\t\t\t\t\t<div class=\"elementor-container elementor-column-gap-default\">\n\t\t\t\t\t<div class=\"elementor-column elementor-col-100 elementor-top-column elementor-element elementor-element-584825d\" data-id=\"584825d\" data-element_type=\"column\" data-e-type=\"column\">\n\t\t\t<div class=\"elementor-widget-wrap elementor-element-populated\">\n\t\t\t\t\t\t<div class=\"elementor-element elementor-element-4c2a9b3 elementor-widget elementor-widget-heading\" data-id=\"4c2a9b3\" data-element_type=\"widget\" data-e-type=\"widget\" data-widget_type=\"heading.default\">\n\t\t\t\t<div class=\"elementor-widget-container\">\n\t\t\t\t\t<h2 class=\"elementor-heading-title elementor-size-default\">Kontakt<\/h2>\t\t\t\t<\/div>\n\t\t\t\t<\/div>\n\t\t\t\t\t<\/div>\n\t\t<\/div>\n\t\t\t\t\t<\/div>\n\t\t<\/section>\n\t\t\t\t<section class=\"elementor-section elementor-top-section elementor-element elementor-element-3f76c96 elementor-section-boxed elementor-section-height-default elementor-section-height-default\" data-id=\"3f76c96\" data-element_type=\"section\" data-e-type=\"section\">\n\t\t\t\t\t\t<div class=\"elementor-container elementor-column-gap-default\">\n\t\t\t\t\t<div class=\"elementor-column elementor-col-100 elementor-top-column elementor-element elementor-element-050709d\" data-id=\"050709d\" data-element_type=\"column\" data-e-type=\"column\">\n\t\t\t<div class=\"elementor-widget-wrap elementor-element-populated\">\n\t\t\t\t\t\t<div class=\"elementor-element elementor-element-72b4456 elementor-widget elementor-widget-text-editor\" data-id=\"72b4456\" data-element_type=\"widget\" data-e-type=\"widget\" data-widget_type=\"text-editor.default\">\n\t\t\t\t<div class=\"elementor-widget-container\">\n\t\t\t\t\t\t\t\t\t<div><div><div><div data-numcolumns=\"\" data-areaname=\"Standard\"><div><div><div><div><div><div data-articleid=\"1431\"><p>Sie finden uns im Geb\u00e4ude der Fa. Computersysteme Jerg und Sicherheitstechnik Straub im 2. OG.<\/p><p>Wir sind derzeit vormittags von 08:30 Uhr bis 12:30 Uhr f\u00fcr Sie im B\u00fcro verf\u00fcgbar.<\/p><p>\u00a0<\/p><p><b>Alternativ erreichen Sie uns unter:\u00a0<\/b>\u00a0 \u00a0 \u00a0 \u00a0<\/p><p><span style=\"font-weight: bold;\">B\u00fcro &#8211; Telefon.:<br \/><\/span><a style=\"background-color: #ffffff; letter-spacing: 0px;\" href=\"http:\/\/iveko-team.com\/%22tel:+4975319450260\/%22\">+49 7531 \/ 94 50 260<\/a><\/p><p><span style=\"letter-spacing: 0px;\"><span style=\"font-weight: bold;\">B\u00fcro &#8211; Fax:<br \/><\/span><\/span><a style=\"background-color: #ffffff; letter-spacing: 0px;\" href=\"http:\/\/iveko-team.com\/%22tel:+4975319450266\/%22\">+49 7531 \/ 94 50 266<\/a><\/p><div><div data-numcolumns=\"\" data-areaname=\"Standard\"><div data-articleid=\"1346\"><p><span style=\"letter-spacing: 0px;\"><span style=\"font-weight: bold;\">E-Mail:<br \/><\/span><\/span><a style=\"background-color: #ffffff; letter-spacing: 0px;\" href=\"mailto:info@iveko-team.de\">info@iveko-team.de<\/a><\/p><\/div><\/div><\/div><\/div><\/div><\/div><\/div><\/div><\/div><\/div><\/div><\/div><\/div>\t\t\t\t\t\t\t\t<\/div>\n\t\t\t\t<\/div>\n\t\t\t\t<div class=\"elementor-element elementor-element-6cd77b3 elementor-widget elementor-widget-google_maps\" data-id=\"6cd77b3\" data-element_type=\"widget\" data-e-type=\"widget\" data-widget_type=\"google_maps.default\">\n\t\t\t\t<div class=\"elementor-widget-container\">\n\t\t\t\t\t\t\t<div class=\"elementor-custom-embed\">\n\t\t\t<iframe loading=\"lazy\"\n\t\t\t\t\tsrc=\"https:\/\/maps.google.com\/maps?q=August-Borsig-Stra%C3%9Fe%202A%2C%2078467%20Konstanz&#038;t=m&#038;z=13&#038;output=embed&#038;iwloc=near\"\n\t\t\t\t\ttitle=\"August-Borsig-Stra\u00dfe 2A, 78467 Konstanz\"\n\t\t\t\t\taria-label=\"August-Borsig-Stra\u00dfe 2A, 78467 Konstanz\"\n\t\t\t><\/iframe>\n\t\t<\/div>\n\t\t\t\t\t\t<\/div>\n\t\t\t\t<\/div>\n\t\t\t\t\t<\/div>\n\t\t<\/div>\n\t\t\t\t\t<\/div>\n\t\t<\/section>\n\t\t\t\t<\/div>\n\t\t","protected":false},"excerpt":{"rendered":"<p>Kontakt Sie finden uns im Geb\u00e4ude der Fa. Computersysteme Jerg und Sicherheitstechnik Straub im 2. OG. Wir sind derzeit vormittags von 08:30 Uhr bis 12:30 Uhr f\u00fcr Sie im B\u00fcro verf\u00fcgbar. \u00a0 Alternativ erreichen Sie uns unter:\u00a0\u00a0 \u00a0 \u00a0 \u00a0 B\u00fcro &#8211; Telefon.:+49 7531 \/ 94 50 260 B\u00fcro &#8211; Fax:+49 7531 \/ 94 50 [&hellip;]<\/p>\n","protected":false},"author":1,"featured_media":0,"parent":0,"menu_order":0,"comment_status":"closed","ping_status":"closed","template":"","meta":{"footnotes":""},"class_list":["post-57","page","type-page","status-publish","hentry"],"_links":{"self":[{"href":"http:\/\/iveko-team.com\/index.php?rest_route=\/wp\/v2\/pages\/57","targetHints":{"allow":["GET"]}}],"collection":[{"href":"http:\/\/iveko-team.com\/index.php?rest_route=\/wp\/v2\/pages"}],"about":[{"href":"http:\/\/iveko-team.com\/index.php?rest_route=\/wp\/v2\/types\/page"}],"author":[{"embeddable":true,"href":"http:\/\/iveko-team.com\/index.php?rest_route=\/wp\/v2\/users\/1"}],"replies":[{"embeddable":true,"href":"http:\/\/iveko-team.com\/index.php?rest_route=%2Fwp%2Fv2%2Fcomments&post=57"}],"version-history":[{"count":8,"href":"http:\/\/iveko-team.com\/index.php?rest_route=\/wp\/v2\/pages\/57\/revisions"}],"predecessor-version":[{"id":264,"href":"http:\/\/iveko-team.com\/index.php?rest_route=\/wp\/v2\/pages\/57\/revisions\/264"}],"wp:attachment":[{"href":"http:\/\/iveko-team.com\/index.php?rest_route=%2Fwp%2Fv2%2Fmedia&parent=57"}],"curies":[{"name":"wp","href":"https:\/\/api.w.org\/{rel}","templated":true}]}}