{"id":49,"date":"2019-08-18T15:23:32","date_gmt":"2019-08-18T15:23:32","guid":{"rendered":"http:\/\/iveko-team.com\/?page_id=49"},"modified":"2019-09-13T12:49:01","modified_gmt":"2019-09-13T12:49:01","slug":"weg-verwaltung","status":"publish","type":"page","link":"http:\/\/iveko-team.com\/?page_id=49","title":{"rendered":"WEG-Verwaltung"},"content":{"rendered":"\t\t<div data-elementor-type=\"wp-post\" data-elementor-id=\"49\" class=\"elementor elementor-49\">\n\t\t\t\t\t\t<section class=\"elementor-section elementor-top-section elementor-element elementor-element-54b14e0 elementor-section-full_width elementor-section-content-top elementor-section-height-default elementor-section-height-default\" data-id=\"54b14e0\" data-element_type=\"section\" data-e-type=\"section\">\n\t\t\t\t\t\t<div class=\"elementor-container elementor-column-gap-default\">\n\t\t\t\t\t<div class=\"elementor-column elementor-col-100 elementor-top-column elementor-element elementor-element-646aed3\" data-id=\"646aed3\" data-element_type=\"column\" data-e-type=\"column\">\n\t\t\t<div class=\"elementor-widget-wrap elementor-element-populated\">\n\t\t\t\t\t\t\t<\/div>\n\t\t<\/div>\n\t\t\t\t\t<\/div>\n\t\t<\/section>\n\t\t\t\t<section class=\"elementor-section elementor-top-section elementor-element elementor-element-859da14 elementor-section-boxed elementor-section-height-default elementor-section-height-default\" data-id=\"859da14\" data-element_type=\"section\" data-e-type=\"section\">\n\t\t\t\t\t\t<div class=\"elementor-container elementor-column-gap-default\">\n\t\t\t\t\t<div class=\"elementor-column elementor-col-100 elementor-top-column elementor-element elementor-element-6db2e95\" data-id=\"6db2e95\" data-element_type=\"column\" data-e-type=\"column\">\n\t\t\t<div class=\"elementor-widget-wrap elementor-element-populated\">\n\t\t\t\t\t\t<div class=\"elementor-element elementor-element-0dcc23c elementor-widget elementor-widget-heading\" data-id=\"0dcc23c\" data-element_type=\"widget\" data-e-type=\"widget\" data-widget_type=\"heading.default\">\n\t\t\t\t<div class=\"elementor-widget-container\">\n\t\t\t\t\t<h2 class=\"elementor-heading-title elementor-size-default\">WEG-VERWALTUNG<\/h2>\t\t\t\t<\/div>\n\t\t\t\t<\/div>\n\t\t\t\t\t<\/div>\n\t\t<\/div>\n\t\t\t\t\t<\/div>\n\t\t<\/section>\n\t\t\t\t<section class=\"elementor-section elementor-top-section elementor-element elementor-element-0fbe0b0 elementor-section-boxed elementor-section-height-default elementor-section-height-default\" data-id=\"0fbe0b0\" data-element_type=\"section\" data-e-type=\"section\">\n\t\t\t\t\t\t<div class=\"elementor-container elementor-column-gap-default\">\n\t\t\t\t\t<div class=\"elementor-column elementor-col-100 elementor-top-column elementor-element elementor-element-8eba080\" data-id=\"8eba080\" data-element_type=\"column\" data-e-type=\"column\">\n\t\t\t<div class=\"elementor-widget-wrap elementor-element-populated\">\n\t\t\t\t\t\t<div class=\"elementor-element elementor-element-55e841a elementor-widget elementor-widget-text-editor\" data-id=\"55e841a\" data-element_type=\"widget\" data-e-type=\"widget\" data-widget_type=\"text-editor.default\">\n\t\t\t\t<div class=\"elementor-widget-container\">\n\t\t\t\t\t\t\t\t\t<p>Professionelle, rechtssichere und transparente Buchhaltung und Abrechnungen f\u00fcr die Wohnungseigent\u00fcmergemeinschaften<br \/>sind unsere Kernarbeit und bilden das Herzst\u00fcck unserer Arbeit.<\/p>\t\t\t\t\t\t\t\t<\/div>\n\t\t\t\t<\/div>\n\t\t\t\t\t<\/div>\n\t\t<\/div>\n\t\t\t\t\t<\/div>\n\t\t<\/section>\n\t\t\t\t<section class=\"elementor-section elementor-top-section elementor-element elementor-element-281ef18 elementor-section-boxed elementor-section-height-default elementor-section-height-default\" data-id=\"281ef18\" data-element_type=\"section\" data-e-type=\"section\">\n\t\t\t\t\t\t<div class=\"elementor-container elementor-column-gap-default\">\n\t\t\t\t\t<div class=\"elementor-column elementor-col-100 elementor-top-column elementor-element elementor-element-19106ae\" data-id=\"19106ae\" data-element_type=\"column\" data-e-type=\"column\">\n\t\t\t<div class=\"elementor-widget-wrap elementor-element-populated\">\n\t\t\t\t\t\t<div class=\"elementor-element elementor-element-4c18a2f elementor-widget elementor-widget-text-editor\" data-id=\"4c18a2f\" data-element_type=\"widget\" data-e-type=\"widget\" data-widget_type=\"text-editor.default\">\n\t\t\t\t<div class=\"elementor-widget-container\">\n\t\t\t\t\t\t\t\t\t<p>Jahrelange professionelle Erfahrung zeichnen uns aus.<\/p>\t\t\t\t\t\t\t\t<\/div>\n\t\t\t\t<\/div>\n\t\t\t\t<div class=\"elementor-element elementor-element-593fb03 elementor-widget elementor-widget-text-editor\" data-id=\"593fb03\" data-element_type=\"widget\" data-e-type=\"widget\" data-widget_type=\"text-editor.default\">\n\t\t\t\t<div class=\"elementor-widget-container\">\n\t\t\t\t\t\t\t\t\t<p><span style=\"letter-spacing: 0px;\">Wir verwenden ausschlie\u00dflich GOB zertifizierte Software der Fa. Haufe.<\/span><\/p>\t\t\t\t\t\t\t\t<\/div>\n\t\t\t\t<\/div>\n\t\t\t\t\t<\/div>\n\t\t<\/div>\n\t\t\t\t\t<\/div>\n\t\t<\/section>\n\t\t\t\t<\/div>\n\t\t","protected":false},"excerpt":{"rendered":"<p>WEG-VERWALTUNG Professionelle, rechtssichere und transparente Buchhaltung und Abrechnungen f\u00fcr die Wohnungseigent\u00fcmergemeinschaftensind unsere Kernarbeit und bilden das Herzst\u00fcck unserer Arbeit. Jahrelange professionelle Erfahrung zeichnen uns aus. Wir verwenden ausschlie\u00dflich GOB zertifizierte Software der Fa. Haufe.<\/p>\n","protected":false},"author":1,"featured_media":0,"parent":47,"menu_order":0,"comment_status":"closed","ping_status":"closed","template":"","meta":{"footnotes":""},"class_list":["post-49","page","type-page","status-publish","hentry"],"_links":{"self":[{"href":"http:\/\/iveko-team.com\/index.php?rest_route=\/wp\/v2\/pages\/49","targetHints":{"allow":["GET"]}}],"collection":[{"href":"http:\/\/iveko-team.com\/index.php?rest_route=\/wp\/v2\/pages"}],"about":[{"href":"http:\/\/iveko-team.com\/index.php?rest_route=\/wp\/v2\/types\/page"}],"author":[{"embeddable":true,"href":"http:\/\/iveko-team.com\/index.php?rest_route=\/wp\/v2\/users\/1"}],"replies":[{"embeddable":true,"href":"http:\/\/iveko-team.com\/index.php?rest_route=%2Fwp%2Fv2%2Fcomments&post=49"}],"version-history":[{"count":8,"href":"http:\/\/iveko-team.com\/index.php?rest_route=\/wp\/v2\/pages\/49\/revisions"}],"predecessor-version":[{"id":260,"href":"http:\/\/iveko-team.com\/index.php?rest_route=\/wp\/v2\/pages\/49\/revisions\/260"}],"up":[{"embeddable":true,"href":"http:\/\/iveko-team.com\/index.php?rest_route=\/wp\/v2\/pages\/47"}],"wp:attachment":[{"href":"http:\/\/iveko-team.com\/index.php?rest_route=%2Fwp%2Fv2%2Fmedia&parent=49"}],"curies":[{"name":"wp","href":"https:\/\/api.w.org\/{rel}","templated":true}]}}