{"id":45,"date":"2019-08-18T15:22:51","date_gmt":"2019-08-18T15:22:51","guid":{"rendered":"http:\/\/iveko-team.com\/?page_id=45"},"modified":"2019-11-08T10:26:27","modified_gmt":"2019-11-08T10:26:27","slug":"referenzen","status":"publish","type":"page","link":"http:\/\/iveko-team.com\/?page_id=45","title":{"rendered":"Referenzen"},"content":{"rendered":"\t\t<div data-elementor-type=\"wp-post\" data-elementor-id=\"45\" class=\"elementor elementor-45\">\n\t\t\t\t\t\t<section class=\"elementor-section elementor-top-section elementor-element elementor-element-4353a8a elementor-section-full_width elementor-section-content-top elementor-section-height-default elementor-section-height-default\" data-id=\"4353a8a\" data-element_type=\"section\" data-e-type=\"section\">\n\t\t\t\t\t\t<div class=\"elementor-container elementor-column-gap-default\">\n\t\t\t\t\t<div class=\"elementor-column elementor-col-100 elementor-top-column elementor-element elementor-element-0e1dc43\" data-id=\"0e1dc43\" data-element_type=\"column\" data-e-type=\"column\">\n\t\t\t<div class=\"elementor-widget-wrap elementor-element-populated\">\n\t\t\t\t\t\t\t<\/div>\n\t\t<\/div>\n\t\t\t\t\t<\/div>\n\t\t<\/section>\n\t\t\t\t<section class=\"elementor-section elementor-top-section elementor-element elementor-element-a7a76cb elementor-section-boxed elementor-section-height-default elementor-section-height-default\" data-id=\"a7a76cb\" data-element_type=\"section\" data-e-type=\"section\">\n\t\t\t\t\t\t<div class=\"elementor-container elementor-column-gap-default\">\n\t\t\t\t\t<div class=\"elementor-column elementor-col-100 elementor-top-column elementor-element elementor-element-07c78d7\" data-id=\"07c78d7\" data-element_type=\"column\" data-e-type=\"column\">\n\t\t\t<div class=\"elementor-widget-wrap elementor-element-populated\">\n\t\t\t\t\t\t<div class=\"elementor-element elementor-element-d48ceae elementor-widget elementor-widget-heading\" data-id=\"d48ceae\" data-element_type=\"widget\" data-e-type=\"widget\" data-widget_type=\"heading.default\">\n\t\t\t\t<div class=\"elementor-widget-container\">\n\t\t\t\t\t<h2 class=\"elementor-heading-title elementor-size-default\">Referenzen<\/h2>\t\t\t\t<\/div>\n\t\t\t\t<\/div>\n\t\t\t\t\t<\/div>\n\t\t<\/div>\n\t\t\t\t\t<\/div>\n\t\t<\/section>\n\t\t\t\t<section class=\"elementor-section elementor-top-section elementor-element elementor-element-7517bf8 elementor-section-boxed elementor-section-height-default elementor-section-height-default\" data-id=\"7517bf8\" data-element_type=\"section\" data-e-type=\"section\">\n\t\t\t\t\t\t<div class=\"elementor-container elementor-column-gap-default\">\n\t\t\t\t\t<div class=\"elementor-column elementor-col-100 elementor-top-column elementor-element elementor-element-678e5fe\" data-id=\"678e5fe\" data-element_type=\"column\" data-e-type=\"column\">\n\t\t\t<div class=\"elementor-widget-wrap elementor-element-populated\">\n\t\t\t\t\t\t<div class=\"elementor-element elementor-element-cfe6d7b elementor-widget elementor-widget-text-editor\" data-id=\"cfe6d7b\" data-element_type=\"widget\" data-e-type=\"widget\" data-widget_type=\"text-editor.default\">\n\t\t\t\t<div class=\"elementor-widget-container\">\n\t\t\t\t\t\t\t\t\t<p>Unsere Referenzliste w\u00e4chst derzeit t\u00e4glich, da viele Gemeinschaften uns ihre Treue erweisen.<\/p><p>Beispielhaft sei hier derzeit erw\u00e4hnt:<\/p><p>\u00a0<\/p><p><b><u>Wohnungseigentumsverwaltung<\/u><\/b><\/p><p>WEG Abendbergweg<\/p><p>WEG Ackertorweg<\/p><p>WEG Allensbacher Strasse<\/p><p>WEG Alter Wall<\/p><p>WEG Am G\u00e4rtlesberg, Daisendorf<\/p><p>WEG Beyerlestrasse<\/p><p>WEG Blumenstrasse<\/p><p>WEG Bodanstrasse<\/p><p>WEG Brandesstrasse<\/p><p>WEG Brauneggerstrasse<\/p><p>WEG Eichb\u00fchlstrasse<\/p><p>WEG Engelsteing<\/p><p>WEG Felchengang<\/p><p>WEG Fritz-Kopp-Stra\u00dfe, Immenstaad<\/p><p>WEG F\u00fcrstenbergstrasse<\/p><p>WEG Gartenstrasse<\/p><p>WEG Hauptstrasse, Volkertshausen<\/p><p>WEG Jakobstrasse<\/p><p>WEG Joseph-Belli-Weg<\/p><p>WEG Komturweg<\/p><p>WEG L\u00e4ngerbohlstrasse<\/p><p>WEG Leinerstrasse<\/p><p>WEG Obere B\u00fcndt<\/p><p>WEG Peter-Rosegger-Weg<\/p><p>WEG Reichenaustrasse, Singen<\/p><p>WEG Reichenaustrasse<\/p><p>WEG Renkenweg<\/p><p>WEG Reutestrasse<\/p><p>WEG Rheingustrasse<\/p><p>WEG Ringstra\u00dfe<\/p><p>WEG Sonnenb\u00fchlstrasse<\/p><p>WEG Stifterstrasse<\/p><p>WEG Wallgutstrasse<\/p><p>WEG Wiesenstrasse<\/p><p>\u00a0<\/p><p><b><u>Abrechnungsservice &amp; Sonderverwaltungen<\/u><\/b><\/p><p>Abrechnungsservice f\u00fcr eigene Immobilien der Volksbank eG, Konstanz<\/p><p><b>Abrechnungsservice f\u00fcr Dritte bspw.: Br\u00fcelstr., Brauneggerstr., Radolfzeller Str.<\/b><\/p><p>Mehrere Mietsonderverwaltungen unserer Eigent\u00fcmer<\/p>\t\t\t\t\t\t\t\t<\/div>\n\t\t\t\t<\/div>\n\t\t\t\t\t<\/div>\n\t\t<\/div>\n\t\t\t\t\t<\/div>\n\t\t<\/section>\n\t\t\t\t<\/div>\n\t\t","protected":false},"excerpt":{"rendered":"<p>Referenzen Unsere Referenzliste w\u00e4chst derzeit t\u00e4glich, da viele Gemeinschaften uns ihre Treue erweisen. Beispielhaft sei hier derzeit erw\u00e4hnt: \u00a0 Wohnungseigentumsverwaltung WEG Abendbergweg WEG Ackertorweg WEG Allensbacher Strasse WEG Alter Wall WEG Am G\u00e4rtlesberg, Daisendorf WEG Beyerlestrasse WEG Blumenstrasse WEG Bodanstrasse WEG Brandesstrasse WEG Brauneggerstrasse WEG Eichb\u00fchlstrasse WEG Engelsteing WEG Felchengang WEG Fritz-Kopp-Stra\u00dfe, Immenstaad WEG F\u00fcrstenbergstrasse [&hellip;]<\/p>\n","protected":false},"author":1,"featured_media":0,"parent":37,"menu_order":0,"comment_status":"closed","ping_status":"closed","template":"","meta":{"footnotes":""},"class_list":["post-45","page","type-page","status-publish","hentry"],"_links":{"self":[{"href":"http:\/\/iveko-team.com\/index.php?rest_route=\/wp\/v2\/pages\/45","targetHints":{"allow":["GET"]}}],"collection":[{"href":"http:\/\/iveko-team.com\/index.php?rest_route=\/wp\/v2\/pages"}],"about":[{"href":"http:\/\/iveko-team.com\/index.php?rest_route=\/wp\/v2\/types\/page"}],"author":[{"embeddable":true,"href":"http:\/\/iveko-team.com\/index.php?rest_route=\/wp\/v2\/users\/1"}],"replies":[{"embeddable":true,"href":"http:\/\/iveko-team.com\/index.php?rest_route=%2Fwp%2Fv2%2Fcomments&post=45"}],"version-history":[{"count":12,"href":"http:\/\/iveko-team.com\/index.php?rest_route=\/wp\/v2\/pages\/45\/revisions"}],"predecessor-version":[{"id":304,"href":"http:\/\/iveko-team.com\/index.php?rest_route=\/wp\/v2\/pages\/45\/revisions\/304"}],"up":[{"embeddable":true,"href":"http:\/\/iveko-team.com\/index.php?rest_route=\/wp\/v2\/pages\/37"}],"wp:attachment":[{"href":"http:\/\/iveko-team.com\/index.php?rest_route=%2Fwp%2Fv2%2Fmedia&parent=45"}],"curies":[{"name":"wp","href":"https:\/\/api.w.org\/{rel}","templated":true}]}}