{"id":41,"date":"2019-08-18T15:21:58","date_gmt":"2019-08-18T15:21:58","guid":{"rendered":"http:\/\/iveko-team.com\/?page_id=41"},"modified":"2019-12-18T10:25:41","modified_gmt":"2019-12-18T10:25:41","slug":"das-team","status":"publish","type":"page","link":"http:\/\/iveko-team.com\/?page_id=41","title":{"rendered":"Das Team"},"content":{"rendered":"\t\t<div data-elementor-type=\"wp-post\" data-elementor-id=\"41\" class=\"elementor elementor-41\">\n\t\t\t\t\t\t<section class=\"elementor-section elementor-top-section elementor-element elementor-element-ac40216 elementor-section-full_width elementor-section-content-top elementor-section-height-default elementor-section-height-default\" data-id=\"ac40216\" data-element_type=\"section\" data-e-type=\"section\">\n\t\t\t\t\t\t<div class=\"elementor-container elementor-column-gap-default\">\n\t\t\t\t\t<div class=\"elementor-column elementor-col-100 elementor-top-column elementor-element elementor-element-a756e36\" data-id=\"a756e36\" data-element_type=\"column\" data-e-type=\"column\">\n\t\t\t<div class=\"elementor-widget-wrap elementor-element-populated\">\n\t\t\t\t\t\t\t<\/div>\n\t\t<\/div>\n\t\t\t\t\t<\/div>\n\t\t<\/section>\n\t\t\t\t<section class=\"elementor-section elementor-top-section elementor-element elementor-element-0c4666a elementor-section-boxed elementor-section-height-default elementor-section-height-default\" data-id=\"0c4666a\" data-element_type=\"section\" data-e-type=\"section\">\n\t\t\t\t\t\t<div class=\"elementor-container elementor-column-gap-default\">\n\t\t\t\t\t<div class=\"elementor-column elementor-col-100 elementor-top-column elementor-element elementor-element-6983e50\" data-id=\"6983e50\" data-element_type=\"column\" data-e-type=\"column\">\n\t\t\t<div class=\"elementor-widget-wrap elementor-element-populated\">\n\t\t\t\t\t\t<div class=\"elementor-element elementor-element-4aba985 elementor-widget elementor-widget-heading\" data-id=\"4aba985\" data-element_type=\"widget\" data-e-type=\"widget\" data-widget_type=\"heading.default\">\n\t\t\t\t<div class=\"elementor-widget-container\">\n\t\t\t\t\t<h2 class=\"elementor-heading-title elementor-size-default\">DAS TEAM<\/h2>\t\t\t\t<\/div>\n\t\t\t\t<\/div>\n\t\t\t\t\t<\/div>\n\t\t<\/div>\n\t\t\t\t\t<\/div>\n\t\t<\/section>\n\t\t\t\t<section class=\"elementor-section elementor-top-section elementor-element elementor-element-c786d33 elementor-section-boxed elementor-section-height-default elementor-section-height-default\" data-id=\"c786d33\" data-element_type=\"section\" data-e-type=\"section\">\n\t\t\t\t\t\t<div class=\"elementor-container elementor-column-gap-default\">\n\t\t\t\t\t<div class=\"elementor-column elementor-col-100 elementor-top-column elementor-element elementor-element-a6e7b22\" data-id=\"a6e7b22\" data-element_type=\"column\" data-e-type=\"column\">\n\t\t\t<div class=\"elementor-widget-wrap elementor-element-populated\">\n\t\t\t\t\t\t<div class=\"elementor-element elementor-element-123dcee elementor-widget elementor-widget-text-editor\" data-id=\"123dcee\" data-element_type=\"widget\" data-e-type=\"widget\" data-widget_type=\"text-editor.default\">\n\t\t\t\t<div class=\"elementor-widget-container\">\n\t\t\t\t\t\t\t\t\t<p>Unser Team besteht aus:<\/p>\t\t\t\t\t\t\t\t<\/div>\n\t\t\t\t<\/div>\n\t\t\t\t\t<\/div>\n\t\t<\/div>\n\t\t\t\t\t<\/div>\n\t\t<\/section>\n\t\t\t\t<section class=\"elementor-section elementor-top-section elementor-element elementor-element-5e02561 elementor-section-boxed elementor-section-height-default elementor-section-height-default\" data-id=\"5e02561\" data-element_type=\"section\" data-e-type=\"section\">\n\t\t\t\t\t\t<div class=\"elementor-container elementor-column-gap-default\">\n\t\t\t\t\t<div class=\"elementor-column elementor-col-33 elementor-top-column elementor-element elementor-element-00ea93a\" data-id=\"00ea93a\" data-element_type=\"column\" data-e-type=\"column\">\n\t\t\t<div class=\"elementor-widget-wrap elementor-element-populated\">\n\t\t\t\t\t\t<div class=\"elementor-element elementor-element-091be16 elementor-widget elementor-widget-image\" data-id=\"091be16\" data-element_type=\"widget\" data-e-type=\"widget\" data-widget_type=\"image.default\">\n\t\t\t\t<div class=\"elementor-widget-container\">\n\t\t\t\t\t\t\t\t\t\t\t\t<figure class=\"wp-caption\">\n\t\t\t\t\t\t\t\t\t\t<img fetchpriority=\"high\" decoding=\"async\" width=\"1024\" height=\"768\" src=\"http:\/\/iveko-team.com\/wp-content\/uploads\/2019\/12\/Horn_1_11-1024x768.jpg\" class=\"elementor-animation-hang attachment-large size-large wp-image-374\" alt=\"\" srcset=\"http:\/\/iveko-team.com\/wp-content\/uploads\/2019\/12\/Horn_1_11-1024x768.jpg 1024w, http:\/\/iveko-team.com\/wp-content\/uploads\/2019\/12\/Horn_1_11-300x225.jpg 300w, http:\/\/iveko-team.com\/wp-content\/uploads\/2019\/12\/Horn_1_11-768x576.jpg 768w, http:\/\/iveko-team.com\/wp-content\/uploads\/2019\/12\/Horn_1_11-1536x1152.jpg 1536w, http:\/\/iveko-team.com\/wp-content\/uploads\/2019\/12\/Horn_1_11-2048x1536.jpg 2048w\" sizes=\"(max-width: 1024px) 100vw, 1024px\" \/>\t\t\t\t\t\t\t\t\t\t\t<figcaption class=\"widget-image-caption wp-caption-text\"><font color=\"#922C3D\"><strong>Heinz Horn<\/strong><\/font><br>Objektbetreuer u. Immobilienmakler<\/figcaption>\n\t\t\t\t\t\t\t\t\t\t<\/figure>\n\t\t\t\t\t\t\t\t\t<\/div>\n\t\t\t\t<\/div>\n\t\t\t\t\t<\/div>\n\t\t<\/div>\n\t\t\t\t<div class=\"elementor-column elementor-col-33 elementor-top-column elementor-element elementor-element-1c88568\" data-id=\"1c88568\" data-element_type=\"column\" data-e-type=\"column\">\n\t\t\t<div class=\"elementor-widget-wrap elementor-element-populated\">\n\t\t\t\t\t\t<div class=\"elementor-element elementor-element-d17ba30 elementor-widget elementor-widget-image\" data-id=\"d17ba30\" data-element_type=\"widget\" data-e-type=\"widget\" data-widget_type=\"image.default\">\n\t\t\t\t<div class=\"elementor-widget-container\">\n\t\t\t\t\t\t\t\t\t\t\t\t<figure class=\"wp-caption\">\n\t\t\t\t\t\t\t\t\t\t<img decoding=\"async\" width=\"1024\" height=\"768\" src=\"http:\/\/iveko-team.com\/wp-content\/uploads\/2019\/12\/Geier_11-1-1024x768.jpg\" class=\"elementor-animation-hang attachment-large size-large wp-image-368\" alt=\"\" srcset=\"http:\/\/iveko-team.com\/wp-content\/uploads\/2019\/12\/Geier_11-1-1024x768.jpg 1024w, http:\/\/iveko-team.com\/wp-content\/uploads\/2019\/12\/Geier_11-1-300x225.jpg 300w, http:\/\/iveko-team.com\/wp-content\/uploads\/2019\/12\/Geier_11-1-768x576.jpg 768w, http:\/\/iveko-team.com\/wp-content\/uploads\/2019\/12\/Geier_11-1-1536x1152.jpg 1536w, http:\/\/iveko-team.com\/wp-content\/uploads\/2019\/12\/Geier_11-1-2048x1536.jpg 2048w\" sizes=\"(max-width: 1024px) 100vw, 1024px\" \/>\t\t\t\t\t\t\t\t\t\t\t<figcaption class=\"widget-image-caption wp-caption-text\"><font color=\"#922C3D\"><strong>Rainer Geier<\/strong><\/font><br>Gesch\u00e4ftsf\u00fchrer u. Bankbetriebswirt<\/figcaption>\n\t\t\t\t\t\t\t\t\t\t<\/figure>\n\t\t\t\t\t\t\t\t\t<\/div>\n\t\t\t\t<\/div>\n\t\t\t\t\t<\/div>\n\t\t<\/div>\n\t\t\t\t<div class=\"elementor-column elementor-col-33 elementor-top-column elementor-element elementor-element-b4ba095\" data-id=\"b4ba095\" data-element_type=\"column\" data-e-type=\"column\">\n\t\t\t<div class=\"elementor-widget-wrap elementor-element-populated\">\n\t\t\t\t\t\t<div class=\"elementor-element elementor-element-dec12f7 elementor-widget elementor-widget-image\" data-id=\"dec12f7\" data-element_type=\"widget\" data-e-type=\"widget\" data-widget_type=\"image.default\">\n\t\t\t\t<div class=\"elementor-widget-container\">\n\t\t\t\t\t\t\t\t\t\t\t\t<figure class=\"wp-caption\">\n\t\t\t\t\t\t\t\t\t\t<img decoding=\"async\" width=\"1024\" height=\"768\" src=\"http:\/\/iveko-team.com\/wp-content\/uploads\/2019\/12\/IMG_20191105_120402_11-1024x768.jpg\" class=\"elementor-animation-hang attachment-large size-large wp-image-373\" alt=\"\" srcset=\"http:\/\/iveko-team.com\/wp-content\/uploads\/2019\/12\/IMG_20191105_120402_11-1024x768.jpg 1024w, http:\/\/iveko-team.com\/wp-content\/uploads\/2019\/12\/IMG_20191105_120402_11-300x225.jpg 300w, http:\/\/iveko-team.com\/wp-content\/uploads\/2019\/12\/IMG_20191105_120402_11-768x576.jpg 768w, http:\/\/iveko-team.com\/wp-content\/uploads\/2019\/12\/IMG_20191105_120402_11-1536x1152.jpg 1536w, http:\/\/iveko-team.com\/wp-content\/uploads\/2019\/12\/IMG_20191105_120402_11-2048x1536.jpg 2048w\" sizes=\"(max-width: 1024px) 100vw, 1024px\" \/>\t\t\t\t\t\t\t\t\t\t\t<figcaption class=\"widget-image-caption wp-caption-text\"><font color=\"#922C3D\"><strong>Paul Gerhardt<\/strong><\/font><br>Architekt u. Gesellschafter<\/figcaption>\n\t\t\t\t\t\t\t\t\t\t<\/figure>\n\t\t\t\t\t\t\t\t\t<\/div>\n\t\t\t\t<\/div>\n\t\t\t\t\t<\/div>\n\t\t<\/div>\n\t\t\t\t\t<\/div>\n\t\t<\/section>\n\t\t\t\t<section class=\"elementor-section elementor-top-section elementor-element elementor-element-2476b55 elementor-section-boxed elementor-section-height-default elementor-section-height-default\" data-id=\"2476b55\" data-element_type=\"section\" data-e-type=\"section\">\n\t\t\t\t\t\t<div class=\"elementor-container elementor-column-gap-default\">\n\t\t\t\t\t<div class=\"elementor-column elementor-col-50 elementor-top-column elementor-element elementor-element-7cde21c\" data-id=\"7cde21c\" data-element_type=\"column\" data-e-type=\"column\">\n\t\t\t<div class=\"elementor-widget-wrap elementor-element-populated\">\n\t\t\t\t\t\t<div class=\"elementor-element elementor-element-b5ba68e elementor-widget elementor-widget-image\" data-id=\"b5ba68e\" data-element_type=\"widget\" data-e-type=\"widget\" data-widget_type=\"image.default\">\n\t\t\t\t<div class=\"elementor-widget-container\">\n\t\t\t\t\t\t\t\t\t\t\t\t<figure class=\"wp-caption\">\n\t\t\t\t\t\t\t\t\t\t<img loading=\"lazy\" decoding=\"async\" width=\"1024\" height=\"768\" src=\"http:\/\/iveko-team.com\/wp-content\/uploads\/2019\/12\/20191118_1135271_11-1024x768.jpg\" class=\"elementor-animation-hang attachment-large size-large wp-image-375\" alt=\"\" srcset=\"http:\/\/iveko-team.com\/wp-content\/uploads\/2019\/12\/20191118_1135271_11-1024x768.jpg 1024w, http:\/\/iveko-team.com\/wp-content\/uploads\/2019\/12\/20191118_1135271_11-300x225.jpg 300w, http:\/\/iveko-team.com\/wp-content\/uploads\/2019\/12\/20191118_1135271_11-768x576.jpg 768w, http:\/\/iveko-team.com\/wp-content\/uploads\/2019\/12\/20191118_1135271_11-1536x1152.jpg 1536w, http:\/\/iveko-team.com\/wp-content\/uploads\/2019\/12\/20191118_1135271_11-2048x1536.jpg 2048w\" sizes=\"(max-width: 1024px) 100vw, 1024px\" \/>\t\t\t\t\t\t\t\t\t\t\t<figcaption class=\"widget-image-caption wp-caption-text\"><font color=\"#922C3D\"><strong>Ingrid Steimer<\/strong><\/font><br>ehemalige Gesch\u00e4ftsf\u00fchrerin u. Gesellschafterin<br>gute Seele des Hauses<\/figcaption>\n\t\t\t\t\t\t\t\t\t\t<\/figure>\n\t\t\t\t\t\t\t\t\t<\/div>\n\t\t\t\t<\/div>\n\t\t\t\t\t<\/div>\n\t\t<\/div>\n\t\t\t\t<div class=\"elementor-column elementor-col-50 elementor-top-column elementor-element elementor-element-5921940\" data-id=\"5921940\" data-element_type=\"column\" data-e-type=\"column\">\n\t\t\t<div class=\"elementor-widget-wrap elementor-element-populated\">\n\t\t\t\t\t\t<div class=\"elementor-element elementor-element-d1715ad elementor-widget elementor-widget-image\" data-id=\"d1715ad\" data-element_type=\"widget\" data-e-type=\"widget\" data-widget_type=\"image.default\">\n\t\t\t\t<div class=\"elementor-widget-container\">\n\t\t\t\t\t\t\t\t\t\t\t\t<figure class=\"wp-caption\">\n\t\t\t\t\t\t\t\t\t\t<img loading=\"lazy\" decoding=\"async\" width=\"1024\" height=\"768\" src=\"http:\/\/iveko-team.com\/wp-content\/uploads\/2019\/12\/Nops_1_11-1024x768.jpg\" class=\"elementor-animation-hang attachment-large size-large wp-image-371\" alt=\"\" srcset=\"http:\/\/iveko-team.com\/wp-content\/uploads\/2019\/12\/Nops_1_11-1024x768.jpg 1024w, http:\/\/iveko-team.com\/wp-content\/uploads\/2019\/12\/Nops_1_11-300x225.jpg 300w, http:\/\/iveko-team.com\/wp-content\/uploads\/2019\/12\/Nops_1_11-768x576.jpg 768w, http:\/\/iveko-team.com\/wp-content\/uploads\/2019\/12\/Nops_1_11-1536x1152.jpg 1536w, http:\/\/iveko-team.com\/wp-content\/uploads\/2019\/12\/Nops_1_11-2048x1536.jpg 2048w\" sizes=\"(max-width: 1024px) 100vw, 1024px\" \/>\t\t\t\t\t\t\t\t\t\t\t<figcaption class=\"widget-image-caption wp-caption-text\"><font color=\"#922C3D\"><strong>Patricia Nops<\/strong><\/font><br>Buchhaltung u. Assistenz<\/figcaption>\n\t\t\t\t\t\t\t\t\t\t<\/figure>\n\t\t\t\t\t\t\t\t\t<\/div>\n\t\t\t\t<\/div>\n\t\t\t\t\t<\/div>\n\t\t<\/div>\n\t\t\t\t\t<\/div>\n\t\t<\/section>\n\t\t\t\t<\/div>\n\t\t","protected":false},"excerpt":{"rendered":"<p>DAS TEAM Unser Team besteht aus: Heinz HornObjektbetreuer u. Immobilienmakler Rainer GeierGesch\u00e4ftsf\u00fchrer u. Bankbetriebswirt Paul GerhardtArchitekt u. Gesellschafter Ingrid Steimerehemalige Gesch\u00e4ftsf\u00fchrerin u. Gesellschafteringute Seele des Hauses Patricia NopsBuchhaltung u. Assistenz<\/p>\n","protected":false},"author":1,"featured_media":0,"parent":37,"menu_order":0,"comment_status":"closed","ping_status":"closed","template":"","meta":{"footnotes":""},"class_list":["post-41","page","type-page","status-publish","hentry"],"_links":{"self":[{"href":"http:\/\/iveko-team.com\/index.php?rest_route=\/wp\/v2\/pages\/41","targetHints":{"allow":["GET"]}}],"collection":[{"href":"http:\/\/iveko-team.com\/index.php?rest_route=\/wp\/v2\/pages"}],"about":[{"href":"http:\/\/iveko-team.com\/index.php?rest_route=\/wp\/v2\/types\/page"}],"author":[{"embeddable":true,"href":"http:\/\/iveko-team.com\/index.php?rest_route=\/wp\/v2\/users\/1"}],"replies":[{"embeddable":true,"href":"http:\/\/iveko-team.com\/index.php?rest_route=%2Fwp%2Fv2%2Fcomments&post=41"}],"version-history":[{"count":19,"href":"http:\/\/iveko-team.com\/index.php?rest_route=\/wp\/v2\/pages\/41\/revisions"}],"predecessor-version":[{"id":386,"href":"http:\/\/iveko-team.com\/index.php?rest_route=\/wp\/v2\/pages\/41\/revisions\/386"}],"up":[{"embeddable":true,"href":"http:\/\/iveko-team.com\/index.php?rest_route=\/wp\/v2\/pages\/37"}],"wp:attachment":[{"href":"http:\/\/iveko-team.com\/index.php?rest_route=%2Fwp%2Fv2%2Fmedia&parent=41"}],"curies":[{"name":"wp","href":"https:\/\/api.w.org\/{rel}","templated":true}]}}