{"id":141,"date":"2019-09-11T11:15:15","date_gmt":"2019-09-11T11:15:15","guid":{"rendered":"http:\/\/iveko-team.com\/?page_id=141"},"modified":"2019-09-13T12:47:31","modified_gmt":"2019-09-13T12:47:31","slug":"aktuelles-2","status":"publish","type":"page","link":"http:\/\/iveko-team.com\/?page_id=141","title":{"rendered":"Aktuelles"},"content":{"rendered":"\t\t<div data-elementor-type=\"wp-page\" data-elementor-id=\"141\" class=\"elementor elementor-141\">\n\t\t\t\t\t\t<section class=\"elementor-section elementor-top-section elementor-element elementor-element-a9caf4f elementor-section-full_width elementor-section-content-top elementor-section-height-default elementor-section-height-default\" data-id=\"a9caf4f\" data-element_type=\"section\" data-e-type=\"section\">\n\t\t\t\t\t\t<div class=\"elementor-container elementor-column-gap-default\">\n\t\t\t\t\t<div class=\"elementor-column elementor-col-100 elementor-top-column elementor-element elementor-element-00ff08c\" data-id=\"00ff08c\" data-element_type=\"column\" data-e-type=\"column\">\n\t\t\t<div class=\"elementor-widget-wrap elementor-element-populated\">\n\t\t\t\t\t\t\t<\/div>\n\t\t<\/div>\n\t\t\t\t\t<\/div>\n\t\t<\/section>\n\t\t\t\t<section class=\"elementor-section elementor-top-section elementor-element elementor-element-92b8d77 elementor-section-boxed elementor-section-height-default elementor-section-height-default\" data-id=\"92b8d77\" data-element_type=\"section\" data-e-type=\"section\">\n\t\t\t\t\t\t<div class=\"elementor-container elementor-column-gap-default\">\n\t\t\t\t\t<div class=\"elementor-column elementor-col-100 elementor-top-column elementor-element elementor-element-639ba5f\" data-id=\"639ba5f\" data-element_type=\"column\" data-e-type=\"column\">\n\t\t\t<div class=\"elementor-widget-wrap elementor-element-populated\">\n\t\t\t\t\t\t<div class=\"elementor-element elementor-element-e29c102 elementor-widget elementor-widget-heading\" data-id=\"e29c102\" data-element_type=\"widget\" data-e-type=\"widget\" data-widget_type=\"heading.default\">\n\t\t\t\t<div class=\"elementor-widget-container\">\n\t\t\t\t\t<h2 class=\"elementor-heading-title elementor-size-default\">HERZLICH WILLKOMMEN<\/h2>\t\t\t\t<\/div>\n\t\t\t\t<\/div>\n\t\t\t\t\t<\/div>\n\t\t<\/div>\n\t\t\t\t\t<\/div>\n\t\t<\/section>\n\t\t\t\t<section class=\"elementor-section elementor-top-section elementor-element elementor-element-29bcaa1 elementor-section-boxed elementor-section-height-default elementor-section-height-default\" data-id=\"29bcaa1\" data-element_type=\"section\" data-e-type=\"section\">\n\t\t\t\t\t\t<div class=\"elementor-container elementor-column-gap-default\">\n\t\t\t\t\t<div class=\"elementor-column elementor-col-100 elementor-top-column elementor-element elementor-element-6648bf6\" data-id=\"6648bf6\" data-element_type=\"column\" data-e-type=\"column\">\n\t\t\t<div class=\"elementor-widget-wrap elementor-element-populated\">\n\t\t\t\t\t\t<div class=\"elementor-element elementor-element-8d9a4d8 elementor-widget elementor-widget-text-editor\" data-id=\"8d9a4d8\" data-element_type=\"widget\" data-e-type=\"widget\" data-widget_type=\"text-editor.default\">\n\t\t\t\t<div class=\"elementor-widget-container\">\n\t\t\t\t\t\t\t\t\t<p>Wir \u2013 Paul Gerhardt &amp; Ingrid Steimer \u2013 begr\u00fc\u00dfen Sie recht herzlich auf unserer Homepage des<span style=\"letter-spacing: 0px;\">\u00a0IVEKO Team GmbH.<\/span><\/p>\t\t\t\t\t\t\t\t<\/div>\n\t\t\t\t<\/div>\n\t\t\t\t\t<\/div>\n\t\t<\/div>\n\t\t\t\t\t<\/div>\n\t\t<\/section>\n\t\t\t\t<section class=\"elementor-section elementor-top-section elementor-element elementor-element-5d50d0b elementor-section-boxed elementor-section-height-default elementor-section-height-default\" data-id=\"5d50d0b\" data-element_type=\"section\" data-e-type=\"section\">\n\t\t\t\t\t\t<div class=\"elementor-container elementor-column-gap-default\">\n\t\t\t\t\t<div class=\"elementor-column elementor-col-100 elementor-top-column elementor-element elementor-element-075a8ef\" data-id=\"075a8ef\" data-element_type=\"column\" data-e-type=\"column\">\n\t\t\t<div class=\"elementor-widget-wrap elementor-element-populated\">\n\t\t\t\t\t\t<div class=\"elementor-element elementor-element-7e38bae elementor-widget-divider--view-line elementor-widget elementor-widget-divider\" data-id=\"7e38bae\" data-element_type=\"widget\" data-e-type=\"widget\" data-widget_type=\"divider.default\">\n\t\t\t\t<div class=\"elementor-widget-container\">\n\t\t\t\t\t\t\t<div class=\"elementor-divider\">\n\t\t\t<span class=\"elementor-divider-separator\">\n\t\t\t\t\t\t<\/span>\n\t\t<\/div>\n\t\t\t\t\t\t<\/div>\n\t\t\t\t<\/div>\n\t\t\t\t\t<\/div>\n\t\t<\/div>\n\t\t\t\t\t<\/div>\n\t\t<\/section>\n\t\t\t\t<section class=\"elementor-section elementor-top-section elementor-element elementor-element-80ce266 elementor-section-boxed elementor-section-height-default elementor-section-height-default\" data-id=\"80ce266\" data-element_type=\"section\" data-e-type=\"section\" data-settings=\"{&quot;background_background&quot;:&quot;classic&quot;,&quot;animation&quot;:&quot;none&quot;}\">\n\t\t\t\t\t\t<div class=\"elementor-container elementor-column-gap-default\">\n\t\t\t\t\t<div class=\"elementor-column elementor-col-33 elementor-top-column elementor-element elementor-element-45cec1b\" data-id=\"45cec1b\" data-element_type=\"column\" data-e-type=\"column\">\n\t\t\t<div class=\"elementor-widget-wrap elementor-element-populated\">\n\t\t\t\t\t\t<div class=\"elementor-element elementor-element-1db7afb elementor-widget elementor-widget-heading\" data-id=\"1db7afb\" data-element_type=\"widget\" data-e-type=\"widget\" data-widget_type=\"heading.default\">\n\t\t\t\t<div class=\"elementor-widget-container\">\n\t\t\t\t\t<h2 class=\"elementor-heading-title elementor-size-xxl\">i<\/h2>\t\t\t\t<\/div>\n\t\t\t\t<\/div>\n\t\t\t\t<div class=\"elementor-element elementor-element-0682beb elementor-widget elementor-widget-text-editor\" data-id=\"0682beb\" data-element_type=\"widget\" data-e-type=\"widget\" data-widget_type=\"text-editor.default\">\n\t\t\t\t<div class=\"elementor-widget-container\">\n\t\t\t\t\t\t\t\t\t<p><span style=\"color: #922c3d;\"><b>I<\/b><\/span>mmobilien<\/p>\t\t\t\t\t\t\t\t<\/div>\n\t\t\t\t<\/div>\n\t\t\t\t\t<\/div>\n\t\t<\/div>\n\t\t\t\t<div class=\"elementor-column elementor-col-33 elementor-top-column elementor-element elementor-element-7086b8d\" data-id=\"7086b8d\" data-element_type=\"column\" data-e-type=\"column\">\n\t\t\t<div class=\"elementor-widget-wrap elementor-element-populated\">\n\t\t\t\t\t\t<div class=\"elementor-element elementor-element-b5b46f8 elementor-widget elementor-widget-heading\" data-id=\"b5b46f8\" data-element_type=\"widget\" data-e-type=\"widget\" data-widget_type=\"heading.default\">\n\t\t\t\t<div class=\"elementor-widget-container\">\n\t\t\t\t\t<h2 class=\"elementor-heading-title elementor-size-xxl\">Ve<\/h2>\t\t\t\t<\/div>\n\t\t\t\t<\/div>\n\t\t\t\t<div class=\"elementor-element elementor-element-10d3b7a elementor-widget elementor-widget-text-editor\" data-id=\"10d3b7a\" data-element_type=\"widget\" data-e-type=\"widget\" data-widget_type=\"text-editor.default\">\n\t\t\t\t<div class=\"elementor-widget-container\">\n\t\t\t\t\t\t\t\t\t<p><span style=\"color: #922c3d;\"><b>Ve<\/b><\/span>rwaltungs- und Vermittlungsteams<\/p>\t\t\t\t\t\t\t\t<\/div>\n\t\t\t\t<\/div>\n\t\t\t\t\t<\/div>\n\t\t<\/div>\n\t\t\t\t<div class=\"elementor-column elementor-col-33 elementor-top-column elementor-element elementor-element-a60c8a0\" data-id=\"a60c8a0\" data-element_type=\"column\" data-e-type=\"column\">\n\t\t\t<div class=\"elementor-widget-wrap elementor-element-populated\">\n\t\t\t\t\t\t<div class=\"elementor-element elementor-element-6e91cfb elementor-widget elementor-widget-heading\" data-id=\"6e91cfb\" data-element_type=\"widget\" data-e-type=\"widget\" data-widget_type=\"heading.default\">\n\t\t\t\t<div class=\"elementor-widget-container\">\n\t\t\t\t\t<h2 class=\"elementor-heading-title elementor-size-xxl\">Ko<\/h2>\t\t\t\t<\/div>\n\t\t\t\t<\/div>\n\t\t\t\t<div class=\"elementor-element elementor-element-4ecf090 elementor-widget elementor-widget-text-editor\" data-id=\"4ecf090\" data-element_type=\"widget\" data-e-type=\"widget\" data-widget_type=\"text-editor.default\">\n\t\t\t\t<div class=\"elementor-widget-container\">\n\t\t\t\t\t\t\t\t\t<p><span style=\"color: #922c3d;\"><span style=\"font-weight: bold;\">Ko<\/span><\/span>nstanz<\/p>\t\t\t\t\t\t\t\t<\/div>\n\t\t\t\t<\/div>\n\t\t\t\t\t<\/div>\n\t\t<\/div>\n\t\t\t\t\t<\/div>\n\t\t<\/section>\n\t\t\t\t<section class=\"elementor-section elementor-top-section elementor-element elementor-element-5473e94 elementor-section-boxed elementor-section-height-default elementor-section-height-default\" data-id=\"5473e94\" data-element_type=\"section\" data-e-type=\"section\">\n\t\t\t\t\t\t<div class=\"elementor-container elementor-column-gap-default\">\n\t\t\t\t\t<div class=\"elementor-column elementor-col-100 elementor-top-column elementor-element elementor-element-15e80da\" data-id=\"15e80da\" data-element_type=\"column\" data-e-type=\"column\">\n\t\t\t<div class=\"elementor-widget-wrap elementor-element-populated\">\n\t\t\t\t\t\t<div class=\"elementor-element elementor-element-c432c90 elementor-widget-divider--view-line elementor-widget elementor-widget-divider\" data-id=\"c432c90\" data-element_type=\"widget\" data-e-type=\"widget\" data-widget_type=\"divider.default\">\n\t\t\t\t<div class=\"elementor-widget-container\">\n\t\t\t\t\t\t\t<div class=\"elementor-divider\">\n\t\t\t<span class=\"elementor-divider-separator\">\n\t\t\t\t\t\t<\/span>\n\t\t<\/div>\n\t\t\t\t\t\t<\/div>\n\t\t\t\t<\/div>\n\t\t\t\t\t<\/div>\n\t\t<\/div>\n\t\t\t\t\t<\/div>\n\t\t<\/section>\n\t\t\t\t<section class=\"elementor-section elementor-top-section elementor-element elementor-element-4347470 elementor-section-boxed elementor-section-height-default elementor-section-height-default\" data-id=\"4347470\" data-element_type=\"section\" data-e-type=\"section\">\n\t\t\t\t\t\t<div class=\"elementor-container elementor-column-gap-default\">\n\t\t\t\t\t<div class=\"elementor-column elementor-col-100 elementor-top-column elementor-element elementor-element-f90423e\" data-id=\"f90423e\" data-element_type=\"column\" data-e-type=\"column\">\n\t\t\t<div class=\"elementor-widget-wrap elementor-element-populated\">\n\t\t\t\t\t\t<div class=\"elementor-element elementor-element-06d7584 elementor-widget elementor-widget-text-editor\" data-id=\"06d7584\" data-element_type=\"widget\" data-e-type=\"widget\" data-widget_type=\"text-editor.default\">\n\t\t\t\t<div class=\"elementor-widget-container\">\n\t\t\t\t\t\t\t\t\t<p><\/p>\n<p>Unser Ziel ist die regionale und pers\u00f6nliche Betreuung, als selbst\u00e4ndiges und unabh\u00e4ngiges Verwaltungsunternehmen,<br><span style=\"letter-spacing: 0px;\">zum Wohle unserer Kunden, Mitarbeiter &amp; Partner.<\/span><\/p>\n<p>Wir stehen f\u00fcr faire und partnerschaftliche Zusammenarbeit durch Offenheit und Transparenz,<br>unabh\u00e4ngig von zentralen Anweisungen und Forderungen externer Geldgeber und Gesellschafter.<\/p>\n<p>Immobilienverwaltung ist Vertrauenssache.<\/p>\t\t\t\t\t\t\t\t<\/div>\n\t\t\t\t<\/div>\n\t\t\t\t\t<\/div>\n\t\t<\/div>\n\t\t\t\t\t<\/div>\n\t\t<\/section>\n\t\t\t\t<section class=\"elementor-section elementor-top-section elementor-element elementor-element-1e1a985 elementor-section-boxed elementor-section-height-default elementor-section-height-default\" data-id=\"1e1a985\" data-element_type=\"section\" data-e-type=\"section\">\n\t\t\t\t\t\t<div class=\"elementor-container elementor-column-gap-default\">\n\t\t\t\t\t<div class=\"elementor-column elementor-col-100 elementor-top-column elementor-element elementor-element-0b89e41\" data-id=\"0b89e41\" data-element_type=\"column\" data-e-type=\"column\">\n\t\t\t<div class=\"elementor-widget-wrap elementor-element-populated\">\n\t\t\t\t\t\t<div class=\"elementor-element elementor-element-8f6f2f3 elementor-widget elementor-widget-text-editor\" data-id=\"8f6f2f3\" data-element_type=\"widget\" data-e-type=\"widget\" data-widget_type=\"text-editor.default\">\n\t\t\t\t<div class=\"elementor-widget-container\">\n\t\t\t\t\t\t\t\t\t<p>Wir stehen f\u00fcr die Region und sind aus der Region.<\/p>\t\t\t\t\t\t\t\t<\/div>\n\t\t\t\t<\/div>\n\t\t\t\t\t<\/div>\n\t\t<\/div>\n\t\t\t\t\t<\/div>\n\t\t<\/section>\n\t\t\t\t<section class=\"elementor-section elementor-top-section elementor-element elementor-element-470b586 elementor-section-boxed elementor-section-height-default elementor-section-height-default\" data-id=\"470b586\" data-element_type=\"section\" data-e-type=\"section\">\n\t\t\t\t\t\t<div class=\"elementor-container elementor-column-gap-default\">\n\t\t\t\t\t<div class=\"elementor-column elementor-col-100 elementor-top-column elementor-element elementor-element-348ef99\" data-id=\"348ef99\" data-element_type=\"column\" data-e-type=\"column\">\n\t\t\t<div class=\"elementor-widget-wrap elementor-element-populated\">\n\t\t\t\t\t\t<div class=\"elementor-element elementor-element-41cfca6 elementor-widget elementor-widget-heading\" data-id=\"41cfca6\" data-element_type=\"widget\" data-e-type=\"widget\" data-widget_type=\"heading.default\">\n\t\t\t\t<div class=\"elementor-widget-container\">\n\t\t\t\t\t<h2 class=\"elementor-heading-title elementor-size-default\">AKTUELLE MELDUNGEN<\/h2>\t\t\t\t<\/div>\n\t\t\t\t<\/div>\n\t\t\t\t\t<\/div>\n\t\t<\/div>\n\t\t\t\t\t<\/div>\n\t\t<\/section>\n\t\t\t\t<section class=\"elementor-section elementor-top-section elementor-element elementor-element-af04812 elementor-section-boxed elementor-section-height-default elementor-section-height-default\" data-id=\"af04812\" data-element_type=\"section\" data-e-type=\"section\">\n\t\t\t\t\t\t<div class=\"elementor-container elementor-column-gap-default\">\n\t\t\t\t\t<div class=\"elementor-column elementor-col-100 elementor-top-column elementor-element elementor-element-041a9b6\" data-id=\"041a9b6\" data-element_type=\"column\" data-e-type=\"column\">\n\t\t\t<div class=\"elementor-widget-wrap elementor-element-populated\">\n\t\t\t\t\t\t<div class=\"elementor-element elementor-element-c62fb8d elementor-widget elementor-widget-text-editor\" data-id=\"c62fb8d\" data-element_type=\"widget\" data-e-type=\"widget\" data-widget_type=\"text-editor.default\">\n\t\t\t\t<div class=\"elementor-widget-container\">\n\t\t\t\t\t\t\t\t\t<div><div><div><div data-numcolumns=\"\" data-areaname=\"Standard\"><div><div><div><div><div><div data-articleid=\"1346\"><p>Wir haben\u00a0unser B\u00fcro in der August-Borsig-Str. 2a in 78467 Konstanz bezogen.<br \/>Sie finden uns im Geb\u00e4ude der Fa. Computersysteme Jerg und Sicherheitstechnik Straub im 2. OG, gegen\u00fcber OBI.<br \/>Parkpl\u00e4tze sind vorhanden. Derzeit sind wir vormittags von 08:30 Uhr bis 12:30 Uhr f\u00fcr Sie im B\u00fcro verf\u00fcgbar,<br \/>selbstverst\u00e4ndlich auch nach Terminabsprache.<\/p><p><span style=\"letter-spacing: 0px;\">\u00a0<\/span><\/p><div><div data-numcolumns=\"\" data-areaname=\"Standard\"><div data-articleid=\"1346\"><p>Bitte beachten Sie unsere aktualisierten Telefon-Nummern.<\/p><p><span style=\"font-weight: bold;\">Sie\u00a0erreichen uns unter:<\/span><\/p><p><b>B\u00fcro &#8211; Telefon.:<br \/><\/b><a href=\"tel:+4975319450260\">+49 7531 \/ 94 50 260<\/a><\/p><p><span style=\"letter-spacing: 0px;\"><b>B\u00fcro &#8211; Fax:<br \/><\/b><\/span><a href=\"tel:+4975319450266\">+49 7531 \/ 94 50 266<\/a><\/p><p><b>Hotline-Nr.:<br \/><\/b><a href=\"tel:+4915205151661\">+49 1520 \/ 51 51 661<\/a><\/p><p><span style=\"letter-spacing: 0px;\"><b>E-Mail:<br \/><\/b><\/span><a style=\"background-color: #ffffff; letter-spacing: 0px;\" href=\"mailto:info@iveko-team.de\">info@iveko-team.de<\/a><\/p><\/div><\/div><\/div><div>\u00a0<\/div><\/div><\/div><\/div><\/div><\/div><\/div><\/div><\/div><div>\u00a0<\/div><\/div><\/div>\t\t\t\t\t\t\t\t<\/div>\n\t\t\t\t<\/div>\n\t\t\t\t\t<\/div>\n\t\t<\/div>\n\t\t\t\t\t<\/div>\n\t\t<\/section>\n\t\t\t\t<\/div>\n\t\t","protected":false},"excerpt":{"rendered":"<p>HERZLICH WILLKOMMEN Wir \u2013 Paul Gerhardt &amp; Ingrid Steimer \u2013 begr\u00fc\u00dfen Sie recht herzlich auf unserer Homepage des\u00a0IVEKO Team GmbH. i Immobilien Ve Verwaltungs- und Vermittlungsteams Ko Konstanz Unser Ziel ist die regionale und pers\u00f6nliche Betreuung, als selbst\u00e4ndiges und unabh\u00e4ngiges Verwaltungsunternehmen,zum Wohle unserer Kunden, Mitarbeiter &amp; Partner. Wir stehen f\u00fcr faire und partnerschaftliche Zusammenarbeit durch [&hellip;]<\/p>\n","protected":false},"author":1,"featured_media":0,"parent":37,"menu_order":0,"comment_status":"closed","ping_status":"closed","template":"","meta":{"footnotes":""},"class_list":["post-141","page","type-page","status-publish","hentry"],"_links":{"self":[{"href":"http:\/\/iveko-team.com\/index.php?rest_route=\/wp\/v2\/pages\/141","targetHints":{"allow":["GET"]}}],"collection":[{"href":"http:\/\/iveko-team.com\/index.php?rest_route=\/wp\/v2\/pages"}],"about":[{"href":"http:\/\/iveko-team.com\/index.php?rest_route=\/wp\/v2\/types\/page"}],"author":[{"embeddable":true,"href":"http:\/\/iveko-team.com\/index.php?rest_route=\/wp\/v2\/users\/1"}],"replies":[{"embeddable":true,"href":"http:\/\/iveko-team.com\/index.php?rest_route=%2Fwp%2Fv2%2Fcomments&post=141"}],"version-history":[{"count":21,"href":"http:\/\/iveko-team.com\/index.php?rest_route=\/wp\/v2\/pages\/141\/revisions"}],"predecessor-version":[{"id":258,"href":"http:\/\/iveko-team.com\/index.php?rest_route=\/wp\/v2\/pages\/141\/revisions\/258"}],"up":[{"embeddable":true,"href":"http:\/\/iveko-team.com\/index.php?rest_route=\/wp\/v2\/pages\/37"}],"wp:attachment":[{"href":"http:\/\/iveko-team.com\/index.php?rest_route=%2Fwp%2Fv2%2Fmedia&parent=141"}],"curies":[{"name":"wp","href":"https:\/\/api.w.org\/{rel}","templated":true}]}}